{"id":2075,"date":"2025-03-19T06:17:20","date_gmt":"2025-03-19T06:17:20","guid":{"rendered":"https:\/\/dipmission-osce.com\/privacy-policy\/"},"modified":"2025-11-06T17:59:35","modified_gmt":"2025-11-06T17:59:35","slug":"privacy-policy","status":"publish","type":"page","link":"https:\/\/dipmission-osce.com\/cs\/privacy-policy\/","title":{"rendered":"Z\u00e1sady ochrany osobn\u00edch \u00fadaj\u016f"},"content":{"rendered":"\n<h2 class=\"wp-block-heading\">Kdo jsme<\/h2>\n\n\n\n<p>Navrhovan\u00fd text: Adresa na\u0161ich webov\u00fdch str\u00e1nek je: <a href=\"https:\/\/dipmission-osce.com\/cs\/\">https:\/\/dipmission-osce.com<\/a>.<\/p>\n\n\n\n<p>Koment\u00e1\u0159e<\/p>\n\n\n\n<p>Navrhovan\u00fd text: Kdy\u017e n\u00e1v\u0161t\u011bvn\u00edci zanechaj\u00ed koment\u00e1\u0159e na webu, shroma\u017e\u010fujeme \u00fadaje uveden\u00e9 ve formul\u00e1\u0159i pro koment\u00e1\u0159e a tak\u00e9 IP adresu n\u00e1v\u0161t\u011bvn\u00edka a \u0159et\u011bzec identifikuj\u00edc\u00ed prohl\u00ed\u017ee\u010d, abychom pomohli s detekc\u00ed spamu.<\/p>\n\n\n\n<p>Anonymizovan\u00fd \u0159et\u011bzec vytvo\u0159en\u00fd z va\u0161\u00ed e-mailov\u00e9 adresy (naz\u00fdvan\u00fd tak\u00e9 hash) m\u016f\u017ee b\u00fdt poskytnut slu\u017eb\u011b Gravatar, aby se zjistilo, zda ji pou\u017e\u00edv\u00e1te. Z\u00e1sady ochrany osobn\u00edch \u00fadaj\u016f slu\u017eby Gravatar jsou dostupn\u00e9 zde: <a href=\"https:\/\/automattic.com\/privacy\/\">https:\/\/automattic.com\/privacy\/<\/a>. Po schv\u00e1len\u00ed va\u0161eho koment\u00e1\u0159e je v\u00e1\u0161 profilov\u00fd obr\u00e1zek viditeln\u00fd ve\u0159ejn\u011b v kontextu va\u0161eho koment\u00e1\u0159e.<\/p>\n\n\n\n<p>M\u00e9dia<\/p>\n\n\n\n<p>Navrhovan\u00fd text: Pokud na web nahr\u00e1v\u00e1te obr\u00e1zky, m\u011bli byste se vyhnout nahr\u00e1v\u00e1n\u00ed obr\u00e1zk\u016f s vlo\u017een\u00fdmi \u00fadaji o poloze (EXIF GPS). N\u00e1v\u0161t\u011bvn\u00edci webu mohou z obr\u00e1zk\u016f na webu stahovat a extrahovat jak\u00e9koli \u00fadaje o poloze.<\/p>\n\n\n\n<p>Soubory cookie<\/p>\n\n\n\n<p>Navrhovan\u00fd text: Pokud na na\u0161em webu zanech\u00e1te koment\u00e1\u0159, m\u016f\u017eete si zvolit ulo\u017een\u00ed sv\u00e9ho jm\u00e9na, e-mailov\u00e9 adresy a webu do soubor\u016f cookie. Je to pro va\u0161e pohodl\u00ed, abyste nemuseli znovu vypl\u0148ovat sv\u00e9 \u00fadaje p\u0159i psan\u00ed dal\u0161\u00edho koment\u00e1\u0159e. Tyto soubory cookie budou platn\u00e9 po dobu jednoho roku.<\/p>\n\n\n\n<p>Pokud nav\u0161t\u00edv\u00edte na\u0161i p\u0159ihla\u0161ovac\u00ed str\u00e1nku, nastav\u00edme do\u010dasn\u00fd soubor cookie, abychom zjistili, zda v\u00e1\u0161 prohl\u00ed\u017ee\u010d p\u0159ij\u00edm\u00e1 soubory cookie. Tento soubor cookie neobsahuje \u017e\u00e1dn\u00e9 osobn\u00ed \u00fadaje a je odstran\u011bn po zav\u0159en\u00ed prohl\u00ed\u017ee\u010de.<\/p>\n\n\n\n<p>Kdy\u017e se p\u0159ihl\u00e1s\u00edte, nastav\u00edme tak\u00e9 n\u011bkolik soubor\u016f cookie, kter\u00e9 ulo\u017e\u00ed va\u0161e p\u0159ihla\u0161ovac\u00ed \u00fadaje a volby zobrazen\u00ed obrazovky. P\u0159ihla\u0161ovac\u00ed soubory cookie trvaj\u00ed dva dny a soubory cookie pro nastaven\u00ed obrazovky jeden rok. Pokud zvol\u00edte \u201eZapamatovat si m\u011b\u201c, va\u0161e p\u0159ihl\u00e1\u0161en\u00ed z\u016fstane aktivn\u00ed po dobu dvou t\u00fddn\u016f. Pokud se odhl\u00e1s\u00edte ze sv\u00e9ho \u00fa\u010dtu, p\u0159ihla\u0161ovac\u00ed soubory cookie budou odstran\u011bny.<\/p>\n\n\n\n<p>Pokud upravujete nebo publikujete \u010dl\u00e1nek, do va\u0161eho prohl\u00ed\u017ee\u010de bude ulo\u017een dal\u0161\u00ed soubor cookie. Tento soubor cookie neobsahuje \u017e\u00e1dn\u00e9 osobn\u00ed \u00fadaje a jednodu\u0161e ozna\u010duje ID p\u0159\u00edsp\u011bvku \u010dl\u00e1nku, kter\u00fd jste pr\u00e1v\u011b upravili. Platnost vypr\u0161\u00ed po 1 dni.<\/p>\n\n\n\n<p>Vlo\u017een\u00fd obsah z jin\u00fdch web\u016f<\/p>\n\n\n\n<p>Navrhovan\u00fd text: \u010cl\u00e1nky na tomto webu mohou obsahovat vlo\u017een\u00fd obsah (nap\u0159. videa, obr\u00e1zky, \u010dl\u00e1nky atd.). Vlo\u017een\u00fd obsah z jin\u00fdch web\u016f se chov\u00e1 stejn\u00fdm zp\u016fsobem, jako kdyby n\u00e1v\u0161t\u011bvn\u00edk dan\u00fd web nav\u0161t\u00edvil.<\/p>\n\n\n\n<p>Tyto weby mohou o v\u00e1s shroma\u017e\u010fovat data, pou\u017e\u00edvat soubory cookie, vkl\u00e1dat dal\u0161\u00ed sledov\u00e1n\u00ed t\u0159et\u00edch stran a sledovat va\u0161i interakci s vlo\u017een\u00fdm obsahem, v\u010detn\u011b sledov\u00e1n\u00ed interakce, pokud m\u00e1te \u00fa\u010det a jste na dan\u00e9m webu p\u0159ihl\u00e1\u0161eni.<\/p>\n\n\n\n<p>S k\u00fdm sd\u00edl\u00edme va\u0161e data<\/p>\n\n\n\n<p>Navrhovan\u00fd text: Pokud po\u017e\u00e1d\u00e1te o obnoven\u00ed hesla, va\u0161e IP adresa bude uvedena v e-mailu pro obnoven\u00ed hesla.<\/p>\n\n\n\n<p>Jak dlouho uchov\u00e1v\u00e1me va\u0161e data<\/p>\n\n\n\n<p>Navrhovan\u00fd text: Pokud zanech\u00e1te koment\u00e1\u0159, koment\u00e1\u0159 a jeho metadata jsou uchov\u00e1v\u00e1na neomezen\u011b dlouho. To n\u00e1m umo\u017e\u0148uje automaticky rozpoznat a schv\u00e1lit n\u00e1sledn\u00e9 koment\u00e1\u0159e m\u00edsto jejich dr\u017een\u00ed ve front\u011b ke schv\u00e1len\u00ed.<\/p>\n\n\n\n<p>U u\u017eivatel\u016f, kte\u0159\u00ed se zaregistruj\u00ed na na\u0161em webu (pokud existuj\u00ed), tak\u00e9 ukl\u00e1d\u00e1me osobn\u00ed \u00fadaje, kter\u00e9 uvedou ve sv\u00e9m u\u017eivatelsk\u00e9m profilu. V\u0161ichni u\u017eivatel\u00e9 mohou kdykoli zobrazit, upravit nebo smazat sv\u00e9 osobn\u00ed \u00fadaje (s v\u00fdjimkou zm\u011bny u\u017eivatelsk\u00e9ho jm\u00e9na). Spr\u00e1vci webu mohou tyto informace tak\u00e9 zobrazit a upravit.<\/p>\n\n\n\n<p>Jak\u00e1 pr\u00e1va m\u00e1te nad sv\u00fdmi \u00fadaji<\/p>\n\n\n\n<p>Navrhovan\u00fd text: Pokud m\u00e1te na tomto webu \u00fa\u010det nebo jste zanechali koment\u00e1\u0159e, m\u016f\u017eete po\u017e\u00e1dat o exportovan\u00fd soubor osobn\u00edch \u00fadaj\u016f, kter\u00e9 o v\u00e1s uchov\u00e1v\u00e1me, v\u010detn\u011b \u00fadaj\u016f, kter\u00e9 jste n\u00e1m poskytli. M\u016f\u017eete tak\u00e9 po\u017e\u00e1dat o vymaz\u00e1n\u00ed v\u0161ech osobn\u00edch \u00fadaj\u016f, kter\u00e9 o v\u00e1s uchov\u00e1v\u00e1me. To nezahrnuje \u00fadaje, kter\u00e9 jsme povinni uchov\u00e1vat pro administrativn\u00ed, pr\u00e1vn\u00ed nebo bezpe\u010dnostn\u00ed \u00fa\u010dely.<\/p>\n\n\n\n<p>Kam jsou va\u0161e data odes\u00edl\u00e1na<\/p>\n\n\n\n<p>Navrhovan\u00fd text: Koment\u00e1\u0159e n\u00e1v\u0161t\u011bvn\u00edk\u016f mohou b\u00fdt kontrolov\u00e1ny prost\u0159ednictv\u00edm automatizovan\u00e9 slu\u017eby detekce spamu.<\/p>\n\n\n\n<p><\/p>\n","protected":false},"excerpt":{"rendered":"<p>Kdo jsme Navrhovan\u00fd text: Adresa na\u0161ich webov\u00fdch str\u00e1nek je: https:\/\/dipmission-osce.com. Koment\u00e1\u0159e Navrhovan\u00fd text: Kdy\u017e n\u00e1v\u0161t\u011bvn\u00edci zanechaj\u00ed koment\u00e1\u0159e na webu, shroma\u017e\u010fujeme \u00fadaje uveden\u00e9 ve formul\u00e1\u0159i pro koment\u00e1\u0159e a tak\u00e9 IP adresu n\u00e1v\u0161t\u011bvn\u00edka a \u0159et\u011bzec identifikuj\u00edc\u00ed prohl\u00ed\u017ee\u010d, abychom pomohli s detekc\u00ed spamu. Anonymizovan\u00fd \u0159et\u011bzec vytvo\u0159en\u00fd z va\u0161\u00ed e-mailov\u00e9 adresy (naz\u00fdvan\u00fd tak\u00e9 hash) m\u016f\u017ee b\u00fdt poskytnut slu\u017eb\u011b Gravatar, [&hellip;]<\/p>\n","protected":false},"author":1,"featured_media":0,"parent":0,"menu_order":17,"comment_status":"closed","ping_status":"open","template":"","meta":{"inline_featured_image":false,"footnotes":""},"class_list":["post-2075","page","type-page","status-publish","hentry"],"acf":[],"yoast_head":"<!-- This site is optimized with the Yoast SEO plugin v25.6 - https:\/\/yoast.com\/wordpress\/plugins\/seo\/ -->\n<title>Z\u00e1sady ochrany osobn\u00edch \u00fadaj\u016f | OSCE IDHM<\/title>\n<meta name=\"robots\" content=\"index, follow, max-snippet:-1, max-image-preview:large, max-video-preview:-1\" \/>\n<link rel=\"canonical\" href=\"https:\/\/dipmission-osce.com\/cs\/privacy-policy\/\" \/>\n<meta property=\"og:locale\" content=\"cs_CZ\" \/>\n<meta property=\"og:type\" content=\"article\" \/>\n<meta property=\"og:title\" content=\"Z\u00e1sady ochrany osobn\u00edch \u00fadaj\u016f | OSCE IDHM\" \/>\n<meta property=\"og:description\" content=\"Kdo jsme Navrhovan\u00fd text: Adresa na\u0161ich webov\u00fdch str\u00e1nek je: https:\/\/dipmission-osce.com. Koment\u00e1\u0159e Navrhovan\u00fd text: Kdy\u017e n\u00e1v\u0161t\u011bvn\u00edci zanechaj\u00ed koment\u00e1\u0159e na webu, shroma\u017e\u010fujeme \u00fadaje uveden\u00e9 ve formul\u00e1\u0159i pro koment\u00e1\u0159e a tak\u00e9 IP adresu n\u00e1v\u0161t\u011bvn\u00edka a \u0159et\u011bzec identifikuj\u00edc\u00ed prohl\u00ed\u017ee\u010d, abychom pomohli s detekc\u00ed spamu. Anonymizovan\u00fd \u0159et\u011bzec vytvo\u0159en\u00fd z va\u0161\u00ed e-mailov\u00e9 adresy (naz\u00fdvan\u00fd tak\u00e9 hash) m\u016f\u017ee b\u00fdt poskytnut slu\u017eb\u011b Gravatar, [&hellip;]\" \/>\n<meta property=\"og:url\" content=\"https:\/\/dipmission-osce.com\/cs\/privacy-policy\/\" \/>\n<meta property=\"og:site_name\" content=\"OSCE IDHM\" \/>\n<meta property=\"article:publisher\" content=\"https:\/\/www.facebook.com\/groups\/1056799551716288\" \/>\n<meta property=\"article:modified_time\" content=\"2025-11-06T17:59:35+00:00\" \/>\n<meta property=\"og:image\" content=\"https:\/\/dipmission-osce.com\/wp-content\/uploads\/2025\/07\/featured-image-dipmission-osce.png\" \/>\n\t<meta property=\"og:image:width\" content=\"1200\" \/>\n\t<meta property=\"og:image:height\" content=\"675\" \/>\n\t<meta property=\"og:image:type\" content=\"image\/png\" \/>\n<meta name=\"twitter:card\" content=\"summary_large_image\" \/>\n<meta name=\"twitter:label1\" content=\"Odhadovan\u00e1 doba \u010dten\u00ed\" \/>\n\t<meta name=\"twitter:data1\" content=\"3 minuty\" \/>\n<script type=\"application\/ld+json\" class=\"yoast-schema-graph\">{\"@context\":\"https:\/\/schema.org\",\"@graph\":[{\"@type\":\"WebPage\",\"@id\":\"https:\/\/dipmission-osce.com\/cs\/privacy-policy\/\",\"url\":\"https:\/\/dipmission-osce.com\/cs\/privacy-policy\/\",\"name\":\"Z\u00e1sady ochrany osobn\u00edch \u00fadaj\u016f | OSCE IDHM\",\"isPartOf\":{\"@id\":\"https:\/\/dipmission-osce.com\/cs\/#website\"},\"datePublished\":\"2025-03-19T06:17:20+00:00\",\"dateModified\":\"2025-11-06T17:59:35+00:00\",\"breadcrumb\":{\"@id\":\"https:\/\/dipmission-osce.com\/cs\/privacy-policy\/#breadcrumb\"},\"inLanguage\":\"cs\",\"potentialAction\":[{\"@type\":\"ReadAction\",\"target\":[\"https:\/\/dipmission-osce.com\/cs\/privacy-policy\/\"]}]},{\"@type\":\"BreadcrumbList\",\"@id\":\"https:\/\/dipmission-osce.com\/cs\/privacy-policy\/#breadcrumb\",\"itemListElement\":[{\"@type\":\"ListItem\",\"position\":1,\"name\":\"\u0413\u043e\u043b\u043e\u0432\u043d\u0430\",\"item\":\"https:\/\/dipmission-osce.com\/cs\/\"},{\"@type\":\"ListItem\",\"position\":2,\"name\":\"Z\u00e1sady ochrany osobn\u00edch \u00fadaj\u016f\"}]},{\"@type\":\"WebSite\",\"@id\":\"https:\/\/dipmission-osce.com\/cs\/#website\",\"url\":\"https:\/\/dipmission-osce.com\/cs\/\",\"name\":\"OSCE IDHM\",\"description\":\"Dipmission OSCE\",\"publisher\":{\"@id\":\"https:\/\/dipmission-osce.com\/cs\/#organization\"},\"alternateName\":\"OSCE IDHM\",\"potentialAction\":[{\"@type\":\"SearchAction\",\"target\":{\"@type\":\"EntryPoint\",\"urlTemplate\":\"https:\/\/dipmission-osce.com\/cs\/?s={search_term_string}\"},\"query-input\":{\"@type\":\"PropertyValueSpecification\",\"valueRequired\":true,\"valueName\":\"search_term_string\"}}],\"inLanguage\":\"cs\"},{\"@type\":\"Organization\",\"@id\":\"https:\/\/dipmission-osce.com\/cs\/#organization\",\"name\":\"Dipmission OSCE\",\"url\":\"https:\/\/dipmission-osce.com\/cs\/\",\"logo\":{\"@type\":\"ImageObject\",\"inLanguage\":\"cs\",\"@id\":\"https:\/\/dipmission-osce.com\/cs\/#\/schema\/logo\/image\/\",\"url\":\"https:\/\/dipmission-osce.com\/wp-content\/uploads\/2025\/07\/featured-image-dipmission-osce.png\",\"contentUrl\":\"https:\/\/dipmission-osce.com\/wp-content\/uploads\/2025\/07\/featured-image-dipmission-osce.png\",\"width\":1200,\"height\":675,\"caption\":\"Dipmission OSCE\"},\"image\":{\"@id\":\"https:\/\/dipmission-osce.com\/cs\/#\/schema\/logo\/image\/\"},\"sameAs\":[\"https:\/\/www.facebook.com\/groups\/1056799551716288\"]}]}<\/script>\n<!-- \/ Yoast SEO plugin. -->","yoast_head_json":{"title":"Z\u00e1sady ochrany osobn\u00edch \u00fadaj\u016f | OSCE IDHM","robots":{"index":"index","follow":"follow","max-snippet":"max-snippet:-1","max-image-preview":"max-image-preview:large","max-video-preview":"max-video-preview:-1"},"canonical":"https:\/\/dipmission-osce.com\/cs\/privacy-policy\/","og_locale":"cs_CZ","og_type":"article","og_title":"Z\u00e1sady ochrany osobn\u00edch \u00fadaj\u016f | OSCE IDHM","og_description":"Kdo jsme Navrhovan\u00fd text: Adresa na\u0161ich webov\u00fdch str\u00e1nek je: https:\/\/dipmission-osce.com. Koment\u00e1\u0159e Navrhovan\u00fd text: Kdy\u017e n\u00e1v\u0161t\u011bvn\u00edci zanechaj\u00ed koment\u00e1\u0159e na webu, shroma\u017e\u010fujeme \u00fadaje uveden\u00e9 ve formul\u00e1\u0159i pro koment\u00e1\u0159e a tak\u00e9 IP adresu n\u00e1v\u0161t\u011bvn\u00edka a \u0159et\u011bzec identifikuj\u00edc\u00ed prohl\u00ed\u017ee\u010d, abychom pomohli s detekc\u00ed spamu. Anonymizovan\u00fd \u0159et\u011bzec vytvo\u0159en\u00fd z va\u0161\u00ed e-mailov\u00e9 adresy (naz\u00fdvan\u00fd tak\u00e9 hash) m\u016f\u017ee b\u00fdt poskytnut slu\u017eb\u011b Gravatar, [&hellip;]","og_url":"https:\/\/dipmission-osce.com\/cs\/privacy-policy\/","og_site_name":"OSCE IDHM","article_publisher":"https:\/\/www.facebook.com\/groups\/1056799551716288","article_modified_time":"2025-11-06T17:59:35+00:00","og_image":[{"width":1200,"height":675,"url":"https:\/\/dipmission-osce.com\/wp-content\/uploads\/2025\/07\/featured-image-dipmission-osce.png","type":"image\/png"}],"twitter_card":"summary_large_image","twitter_misc":{"Odhadovan\u00e1 doba \u010dten\u00ed":"3 minuty"},"schema":{"@context":"https:\/\/schema.org","@graph":[{"@type":"WebPage","@id":"https:\/\/dipmission-osce.com\/cs\/privacy-policy\/","url":"https:\/\/dipmission-osce.com\/cs\/privacy-policy\/","name":"Z\u00e1sady ochrany osobn\u00edch \u00fadaj\u016f | OSCE IDHM","isPartOf":{"@id":"https:\/\/dipmission-osce.com\/cs\/#website"},"datePublished":"2025-03-19T06:17:20+00:00","dateModified":"2025-11-06T17:59:35+00:00","breadcrumb":{"@id":"https:\/\/dipmission-osce.com\/cs\/privacy-policy\/#breadcrumb"},"inLanguage":"cs","potentialAction":[{"@type":"ReadAction","target":["https:\/\/dipmission-osce.com\/cs\/privacy-policy\/"]}]},{"@type":"BreadcrumbList","@id":"https:\/\/dipmission-osce.com\/cs\/privacy-policy\/#breadcrumb","itemListElement":[{"@type":"ListItem","position":1,"name":"\u0413\u043e\u043b\u043e\u0432\u043d\u0430","item":"https:\/\/dipmission-osce.com\/cs\/"},{"@type":"ListItem","position":2,"name":"Z\u00e1sady ochrany osobn\u00edch \u00fadaj\u016f"}]},{"@type":"WebSite","@id":"https:\/\/dipmission-osce.com\/cs\/#website","url":"https:\/\/dipmission-osce.com\/cs\/","name":"OSCE IDHM","description":"Dipmission OSCE","publisher":{"@id":"https:\/\/dipmission-osce.com\/cs\/#organization"},"alternateName":"OSCE IDHM","potentialAction":[{"@type":"SearchAction","target":{"@type":"EntryPoint","urlTemplate":"https:\/\/dipmission-osce.com\/cs\/?s={search_term_string}"},"query-input":{"@type":"PropertyValueSpecification","valueRequired":true,"valueName":"search_term_string"}}],"inLanguage":"cs"},{"@type":"Organization","@id":"https:\/\/dipmission-osce.com\/cs\/#organization","name":"Dipmission OSCE","url":"https:\/\/dipmission-osce.com\/cs\/","logo":{"@type":"ImageObject","inLanguage":"cs","@id":"https:\/\/dipmission-osce.com\/cs\/#\/schema\/logo\/image\/","url":"https:\/\/dipmission-osce.com\/wp-content\/uploads\/2025\/07\/featured-image-dipmission-osce.png","contentUrl":"https:\/\/dipmission-osce.com\/wp-content\/uploads\/2025\/07\/featured-image-dipmission-osce.png","width":1200,"height":675,"caption":"Dipmission OSCE"},"image":{"@id":"https:\/\/dipmission-osce.com\/cs\/#\/schema\/logo\/image\/"},"sameAs":["https:\/\/www.facebook.com\/groups\/1056799551716288"]}]}},"_links":{"self":[{"href":"https:\/\/dipmission-osce.com\/cs\/wp-json\/wp\/v2\/pages\/2075","targetHints":{"allow":["GET"]}}],"collection":[{"href":"https:\/\/dipmission-osce.com\/cs\/wp-json\/wp\/v2\/pages"}],"about":[{"href":"https:\/\/dipmission-osce.com\/cs\/wp-json\/wp\/v2\/types\/page"}],"author":[{"embeddable":true,"href":"https:\/\/dipmission-osce.com\/cs\/wp-json\/wp\/v2\/users\/1"}],"replies":[{"embeddable":true,"href":"https:\/\/dipmission-osce.com\/cs\/wp-json\/wp\/v2\/comments?post=2075"}],"version-history":[{"count":1,"href":"https:\/\/dipmission-osce.com\/cs\/wp-json\/wp\/v2\/pages\/2075\/revisions"}],"predecessor-version":[{"id":2592,"href":"https:\/\/dipmission-osce.com\/cs\/wp-json\/wp\/v2\/pages\/2075\/revisions\/2592"}],"wp:attachment":[{"href":"https:\/\/dipmission-osce.com\/cs\/wp-json\/wp\/v2\/media?parent=2075"}],"curies":[{"name":"wp","href":"https:\/\/api.w.org\/{rel}","templated":true}]}}